{"id":1671,"date":"2019-01-09T03:20:18","date_gmt":"2019-01-09T02:20:18","guid":{"rendered":"https:\/\/forevents.org\/domov\/"},"modified":"2024-04-17T13:36:37","modified_gmt":"2024-04-17T11:36:37","slug":"domov","status":"publish","type":"page","link":"https:\/\/forevents.org\/sl\/domov\/","title":{"rendered":"Domov"},"content":{"rendered":"<!--themify_builder_content-->\n<div id=\"themify_builder_content-1671\" data-postid=\"1671\" class=\"themify_builder_content themify_builder_content-1671 themify_builder tf_clear\">\n                    <div  data-anchor=\"home\" data-css_id=\"95aa6ba\" data-lazy=\"1\" class=\"module_row themify_builder_row fullheight fullwidth tb_has_section tb_section-home tb_95aa6ba tb_first tf_w\">\n                        <div class=\"row_inner col_align_middle gutter-none tb_col_count_4 tf_box tf_rel\">\n                        <div  data-lazy=\"1\" class=\"module_column tb-column col4-1 tb_ba46355 first\">\n        <span  class=\"builder_row_cover tf_abs\" data-lazy=\"1\"><\/span>            <!-- module text -->\n<div  class=\"module module-text tb_n0u5689   \" data-lazy=\"1\">\n        <div  class=\"tb_text_wrap\">\n        <h3><a href=\"#amber\">Amber Wine Festival 25.05.2024, Trst<\/a><\/h3>    <\/div>\n<\/div>\n<!-- \/module text -->        <\/div>\n                    <div  data-lazy=\"1\" class=\"module_column tb-column col4-1 tb_a8f85b0\">\n        <span  class=\"builder_row_cover tf_abs\" data-lazy=\"1\"><\/span>            <!-- module text -->\n<div  class=\"module module-text tb_5hdf690   \" data-lazy=\"1\">\n        <div  class=\"tb_text_wrap\">\n        <h3><a href=\"#gingin\">Gin Gin 2024<br>Kmalu<\/a><\/h3>    <\/div>\n<\/div>\n<!-- \/module text -->        <\/div>\n                    <div  data-lazy=\"1\" class=\"module_column tb-column col4-1 tb_8629e52\">\n        <span  class=\"builder_row_cover tf_abs\" data-lazy=\"1\"><\/span>            <!-- module text -->\n<div  class=\"module module-text tb_vwvt690   \" data-lazy=\"1\">\n        <div  class=\"tb_text_wrap\">\n        <h3><a href=\"#bollenaturali\">Bolle Naturali 2024 &#8211; Na\u010drtovan datum 24.08.2024<\/a><\/h3>    <\/div>\n<\/div>\n<!-- \/module text -->        <\/div>\n                    <div  data-lazy=\"1\" class=\"module_column tb-column col4-1 tb_12e11e7 last\">\n        <span  class=\"builder_row_cover tf_abs\" data-lazy=\"1\"><\/span>            <!-- module text -->\n<div  class=\"module module-text tb_lsy6690   \" data-lazy=\"1\">\n        <div  class=\"tb_text_wrap\">\n        <h3><a href=\"#contatto\">Kontakt<\/a><\/h3>\n    <\/div>\n<\/div>\n<!-- \/module text -->        <\/div>\n                        <\/div>\n        <\/div>\n                        <div  data-anchor=\"biglietti\" data-css_id=\"92zt138\" data-lazy=\"1\" class=\"module_row themify_builder_row fullwidth tb_has_section tb_section-biglietti tb_92zt138 tf_w\">\n                        <div class=\"row_inner col_align_middle tb_col_count_2 tf_box tf_rel\">\n                        <div  data-lazy=\"1\" class=\"module_column tb-column col4-2 tb_p5qq139 first\">\n                    <!-- module image -->\n<div  class=\"module module-image tb_b4nn528 image-top   tf_mw\" data-lazy=\"1\">\n        <div class=\"image-wrap tf_rel tf_mw\">\n            <img loading=\"lazy\" decoding=\"async\" width=\"500\" height=\"281\" src=\"https:\/\/forevents.org\/wp-content\/uploads\/2024\/03\/logo_2024.png\" class=\"wp-post-image wp-image-1594\" title=\"logo_2024\" alt=\"logo_2024\" srcset=\"https:\/\/forevents.org\/wp-content\/uploads\/2024\/03\/logo_2024.png 500w, https:\/\/forevents.org\/wp-content\/uploads\/2024\/03\/logo_2024-300x169.png 300w\" sizes=\"auto, (max-width: 500px) 100vw, 500px\" \/>    \n        <\/div>\n    <!-- \/image-wrap -->\n    \n        <\/div>\n<!-- \/module image --><!-- module text -->\n<div  class=\"module module-text tb_83un522   \" data-lazy=\"1\">\n        <div  class=\"tb_text_wrap\">\n        <h1 style=\"text-align: center;\">Predprodaja vstopnic <br \/>Amber Wine Festival 2024<\/h1>\n<h3 style=\"text-align: center;\">Grad Svetega Justa, Trst, 25\/5\/2024<\/h3>\n<p style=\"text-align: left;\">Ve\u010d kot 40 vinarjev iz \u0161tirih dr\u017eav in samo eno vino &#8211; Amber<\/p>\n<p style=\"text-align: left;\">Amber (jantar) vina so bela vina, proizvedena s tradicionalnim postopkom dolgotrajne maceracije, med katero mo\u0161t v stiku s ko\u017eicami dobi jantarno barvo, ki je prepoznavni znak teh vin.<\/p>    <\/div>\n<\/div>\n<!-- \/module text --><!-- module text -->\n<div  class=\"module module-text tb_fdr4453   \" data-lazy=\"1\">\n        <div  class=\"tb_text_wrap\">\n        <p>Vstopnica na Festival vklju\u010duje:<\/p>\n<ul>\n<li>neomejena degustacija vin<\/li>\n<li>kozarec in vre\u010dka za kozarec<\/li>\n<li>informativni karton\u010dek s seznamom vseh vinarjev in vin predstavljenih na Festivalu<\/li>\n<li>degustacija gastro delicij<\/li>\n<\/ul>    <\/div>\n<\/div>\n<!-- \/module text -->        <\/div>\n                    <div  data-lazy=\"1\" class=\"module_column tb-column col4-2 tb_ntdj969 last\">\n                    <!-- module fancy heading -->\n<div  class=\"module module-fancy-heading tb_q5uu747 \" data-lazy=\"1\">\n        <h2 class=\"fancy-heading\">\n    <span class=\"main-head tf_block\">\n                    Sobota 25.05.2024            <\/span>\n\n    \n    <span class=\"sub-head tf_block tf_rel\">\n                    Amber Wine Festival 2024            <\/span>\n    <\/h2>\n<\/div>\n<!-- \/module fancy heading -->\n<!-- module buttons -->\n<div  class=\"module module-buttons tb_r1k870 buttons-horizontal solid  xlarge rounded buttons-fullwidth\" data-lazy=\"1\">\n        <div class=\"module-buttons-item tf_in_flx\">\n                        <a href=\"https:\/\/forevents.org\/sl\/evento\/amber-wine-festival-25-05-2024\/\" class=\"ui builder_button tf_in_flx tb_default_color\" >\n                                                Kupi vstopnice                                        <\/a>\n                <\/div>\n            <\/div>\n<!-- \/module buttons -->\n        <\/div>\n                        <\/div>\n        <\/div>\n                        <div  data-anchor=\"amber\" data-css_id=\"48cec81\" id=\"about\" data-lazy=\"1\" class=\"module_row themify_builder_row fullheight fullwidth tb_has_section tb_section-amber tb_48cec81 tf_w\">\n                        <div class=\"row_inner col_align_middle gutter-none tb_col_count_2 tf_box tf_rel\">\n                        <div  data-lazy=\"1\" class=\"module_column tb-column col4-2 tb_d929eda first\">\n                    <!-- module image -->\n<div  class=\"module module-image tb_40c2220 image-center   tf_mw\" data-lazy=\"1\">\n        <div class=\"image-wrap tf_rel tf_mw\">\n            <img loading=\"lazy\" decoding=\"async\" width=\"500\" height=\"281\" src=\"https:\/\/forevents.org\/wp-content\/uploads\/2024\/03\/logo_2024.png\" class=\"wp-post-image wp-image-1594\" title=\"logo_2024\" alt=\"logo_2024\" srcset=\"https:\/\/forevents.org\/wp-content\/uploads\/2024\/03\/logo_2024.png 500w, https:\/\/forevents.org\/wp-content\/uploads\/2024\/03\/logo_2024-300x169.png 300w\" sizes=\"auto, (max-width: 500px) 100vw, 500px\" \/>    \n        <\/div>\n    <!-- \/image-wrap -->\n    \n        <\/div>\n<!-- \/module image --><!-- module text -->\n<div  class=\"module module-text tb_6d0516d   \" data-lazy=\"1\">\n        <div  class=\"tb_text_wrap\">\n        <p>Ve\u010d kot 40 vinarjev iz \u0161tirih dr\u017eav in samo eno vino &#8211; <strong>Amber<\/strong><br>Na kri\u017ei\u0161\u010du, ki gre od Krasa do Brd in od Istre do Avstrije se nahajajo najbolj\u0161i svetovni proizvajalci tega sloga vin. Trst v sredi\u0161\u010du te regije gosti odli\u010dnost.<\/p>\n<p>K vinom se pridru\u017eijo skrbno izbrane kulinari\u010dne specialitete tega obmo\u010dja, ki jih bodo za to prilo\u017enost reinterpretirali priznani kuharski mojstri.<br>To in \u0161e ve\u010d vas \u010daka 25. maja v \u010dudovitem okolju Grada Svetega Justa z o\u010darljivim razgledom na tr\u017ea\u0161ki zaliv.<\/p>\n<p>\u010cudovita kulisa za nepozabno enogastronomsko izku\u0161njo.<\/p>\n<p>Vabljeni v Trst.<\/p>    <\/div>\n<\/div>\n<!-- \/module text --><!-- module buttons -->\n<div  class=\"module module-buttons tb_lu55610 buttons-horizontal solid  xlarge rounded buttons-fullwidth\" data-lazy=\"1\">\n        <div class=\"module-buttons-item tf_in_flx\">\n                        <a href=\"https:\/\/forevents.org\/sl\/evento\/amber-wine-festival-25-05-2024\/\" class=\"ui builder_button tf_in_flx tb_default_color\" >\n                                                Kupi vstopnice                                        <\/a>\n                <\/div>\n            <\/div>\n<!-- \/module buttons -->\n<!-- module buttons -->\n<div  class=\"module module-buttons tb_yy4x732 buttons-horizontal solid  xlarge rounded buttons-fullwidth\" data-lazy=\"1\">\n        <div class=\"module-buttons-item tf_in_flx\">\n                        <a href=\"https:\/\/amberwinefestival.com\/sl\/\" class=\"ui builder_button tf_in_flx tb_default_color\" target=\"_blank\" rel=\"noopener\">\n                                                Odkrij ve\u010d                                        <\/a>\n                <\/div>\n            <\/div>\n<!-- \/module buttons -->\n        <\/div>\n                    <div  data-lazy=\"1\" class=\"module_column tb-column col4-2 tb_02da060 last\">\n                            <\/div>\n                        <\/div>\n        <\/div>\n                        <div  data-anchor=\"gingin\" data-css_id=\"8f5aa1c\" data-lazy=\"1\" class=\"module_row themify_builder_row fullwidth tb_has_section tb_section-gingin tb_8f5aa1c tf_w\">\n                        <div class=\"row_inner col_align_middle tb_col_count_2 tf_box tf_rel\">\n                        <div  data-lazy=\"1\" class=\"module_column tb-column col4-2 tb_e8eeee1 first\">\n                    <!-- module text -->\n<div  class=\"module module-text tb_hgm2806   \" data-lazy=\"1\">\n        <div  class=\"tb_text_wrap\">\n        <h1 style=\"text-align: left;\">GIN GIN<\/h1>\n<p style=\"text-align: left;\">Novost<\/p>\n<p style=\"text-align: left;\"><strong>GIN GIN<\/strong> je svetovna premiera predstavitve naravnih d\u017einov, proizvedenih s strani malih podjetij. Skrbna izbira za spoznavanje obse\u017enega sveta kombinacij, ki d\u017ein spremenijo v vladarja najbolj cenjenih pija\u010d na svetu. Edinstvena prilo\u017enost za deljenje vznemirljive izku\u0161nje ob degustaciji razli\u010dnih me\u0161anic pija\u010d, ki so prav tako proizvedene s strani ni\u0161nih podjetij.<\/p>\n<p style=\"text-align: left;\"> <\/p>    <\/div>\n<\/div>\n<!-- \/module text -->        <\/div>\n                    <div  data-lazy=\"1\" class=\"module_column tb-column col4-2 tb_356j396 last\">\n                            <\/div>\n                        <\/div>\n        <\/div>\n                        <div  data-anchor=\"bollenaturali\" data-css_id=\"vb2b682\" data-lazy=\"1\" class=\"module_row themify_builder_row fullwidth tb_has_section tb_section-bollenaturali tb_vb2b682 tf_w\">\n                        <div class=\"row_inner col_align_middle tb_col_count_2 tf_box tf_rel\">\n                        <div  data-lazy=\"1\" class=\"module_column tb-column col4-2 tb_a9tf692 first\">\n                    <!-- module text -->\n<div  class=\"module module-text tb_xcuf12   \" data-lazy=\"1\">\n        <div  class=\"tb_text_wrap\">\n        <h1 style=\"text-align: left;\">BOLLE NATURALI 2024<\/h1>\n<p style=\"text-align: left;\">Na\u010drtovan datum 24\/08\/2024<\/p>\n<p style=\"text-align: left;\"><strong>Bolle Naturali<\/strong> je degustacija, namenjena naravnim peninam, ki se razlikujejo po raznolikosti sort grozdja in ozemljih, ki so zgodovinsko znana po proizvodnji penin. Edinstvena prilo\u017enost za u\u017eivanje v naravnih mehur\u010dkih, ki s svojo kompleksnostjo odpirajo nove horizonte okusov. Svet naravnih vin, pogosto nefiltriranih ali z dolgimi maceracijami, iz razli\u010dnih teritorijev, tako ni\u0161nih kot tudi iz regije Champagne. Odli\u010dna vina z ne\u0161tetimi odtenki za edinstveno osve\u017eujo\u010do izku\u0161njo.<\/p>\n<p style=\"text-align: left;\"> <\/p>    <\/div>\n<\/div>\n<!-- \/module text -->        <\/div>\n                    <div  data-lazy=\"1\" class=\"module_column tb-column col4-2 tb_hinw330 last\">\n                            <\/div>\n                        <\/div>\n        <\/div>\n                        <div  data-anchor=\"contatto\" data-css_id=\"28401f3\" data-lazy=\"1\" class=\"module_row themify_builder_row fullheight fullwidth tb_has_section tb_section-contatto tb_28401f3 tf_w\">\n                        <div class=\"row_inner col_align_middle gutter-none tb_col_count_2 tf_box tf_rel\">\n                        <div  data-lazy=\"1\" class=\"module_column tb-column col4-2 tb_918d5ed first\">\n                    <!-- module text -->\n<div  class=\"module module-text tb_ocu1694   \" data-lazy=\"1\">\n        <div  class=\"tb_text_wrap\">\n        <h3>ForevenTS<\/h3>\n<p>Dobrodo\u0161li na ForevenTS, kjer organiziramo serijo kulturnih in zanimivih dogodkov, edinstvenih in ekskluzivnih v prelepem Trstu.<\/p>\n<p>Amber Wine Festival predstavlja izvrstnost maceriranih belih vin, ki ima svoje korenine v zaledju Trsta. V sredi\u0161\u010du obmo\u010dja, ki se razteza od Krasa do Brd in od Istre skozi Slovenijo, se nahajajo najbolj\u0161i proizvajalci Amber (jantarnih) vin na svetu. To so naravno proizvedena bela vina z metodo dolge maceracije. Polna, bogata vina z mo\u010dno strukturo.<\/p>\n<p>Z veseljem predstavljamo na\u0161e prihajajo\u010de dogodke:<\/p>\n<p><a href=\"https:\/\/forevents.org\/#bollenaturali\"><strong>Bolle Naturali<\/strong><\/a> in <a href=\"https:\/\/forevents.org\/#gingin\"><strong>GIN GIN<\/strong><\/a><\/p>\n<p>Trst, Grad Svetega Justa.<\/p>\n<p><em>Med zidovi ekskluzivnosti.<\/em><\/p>    <\/div>\n<\/div>\n<!-- \/module text --><!-- module text -->\n<div  class=\"module module-text tb_4c1d47   \" data-lazy=\"1\">\n        <div  class=\"tb_text_wrap\">\n        <h4>Kontakt<\/h4>\n<p>tel: <a href=\"tel:+393493037764\">+393493037764<\/a> <br>tel: <a href=\"tel:+393713150053\">+393713150053<\/a><\/p>\n    <\/div>\n<\/div>\n<!-- \/module text --><!-- module contact -->\n<div  id=\"tb_d2b474c\" class=\"module module-contact tb_d2b474c contact-animated-label \" data-lazy=\"1\">\n    \n\t<form class=\"builder-contact\"\n\t\tid=\"tb_d2b474c-form\"\n\t\tmethod=\"post\"\n\t\tdata-post-id=\"1671\"\n\t\tdata-element-id=\"d2b474c\"\n\t\tdata-orig-id=\"1671\"\n\t>\n    <div class=\"contact-message\"><\/div>\n\t<div class=\"builder-contact-fields tf_rel\">\n\t\t    \t\t    <div class=\"builder-contact-field builder-contact-field-name builder-contact-text-field\">\n\t\t\t    <label class=\"control-label\" for=\"tb_d2b474c-contact-name\">\n\t\t\t\t\t\t\t\t\t\t<span class=\"tb-label-span\">Ime <\/span><span class=\"required\">*<\/span>\t\t\t\t<\/label>\n\t\t\t    <div class=\"control-input tf_rel\">\n\t\t\t\t    \t\t\t\t\t    <input type=\"text\" name=\"contact-name\" placeholder=\" \" id=\"tb_d2b474c-contact-name\" value=\"\" class=\"form-control\" required>\n\t\t\t\t    \t\t\t\t    \t\t\t\t\t    <span class=\"tb_contact_label\">\n\t\t\t\t\t\t    <span class=\"tb-label-span\">Ime <\/span><span class=\"required\">*<\/span>\t\t\t\t\t    <\/span>\n\t\t\t\t    \t\t\t    <\/div>\n\t\t<\/div>\n\t    \n\t\t    \t\t    <div class=\"builder-contact-field builder-contact-field-email builder-contact-text-field\">\n\t\t\t    <label class=\"control-label\" for=\"tb_d2b474c-contact-email\">\n\t\t\t\t\t\t\t\t\t\t<span class=\"tb-label-span\">E-mail <\/span><span class=\"required\">*<\/span>\t\t\t\t<\/label>\n\t\t\t    <div class=\"control-input tf_rel\">\n\t\t\t\t    \t\t\t\t\t    <input type=\"email\" name=\"contact-email\" placeholder=\" \" id=\"tb_d2b474c-contact-email\" value=\"\" class=\"form-control\" required>\n\t\t\t\t    \t\t\t\t    \t\t\t\t\t    <span class=\"tb_contact_label\">\n\t\t\t\t\t\t    <span class=\"tb-label-span\">E-mail <\/span><span class=\"required\">*<\/span>\t\t\t\t\t    <\/span>\n\t\t\t\t    \t\t\t    <\/div>\n\t\t<\/div>\n\t    \n\t\t    \t\t    <div class=\"builder-contact-field builder-contact-field-subject builder-contact-text-field\">\n\t\t\t    <label class=\"control-label\" for=\"tb_d2b474c-contact-subject\">\n\t\t\t\t\t\t\t\t\t\t<span class=\"tb-label-span\">Zadeva <\/span><span class=\"required\">*<\/span>\t\t\t\t<\/label>\n\t\t\t    <div class=\"control-input tf_rel\">\n\t\t\t\t    \t\t\t\t\t    <input type=\"text\" name=\"contact-subject\" placeholder=\" \" id=\"tb_d2b474c-contact-subject\" value=\"\" class=\"form-control\" required>\n\t\t\t\t    \t\t\t\t    \t\t\t\t\t    <span class=\"tb_contact_label\">\n\t\t\t\t\t\t    <span class=\"tb-label-span\">Zadeva <\/span><span class=\"required\">*<\/span>\t\t\t\t\t    <\/span>\n\t\t\t\t    \t\t\t    <\/div>\n\t\t<\/div>\n\t    \n\t\t    \t\t    <div class=\"builder-contact-field builder-contact-field-message builder-contact-textarea-field\">\n\t\t\t    <label class=\"control-label\" for=\"tb_d2b474c-contact-message\">\n\t\t\t\t\t\t\t\t\t\t<span class=\"tb-label-span\">Sporo\u010dilo <\/span>\t\t\t\t<\/label>\n\t\t\t    <div class=\"control-input tf_rel\">\n\t\t\t\t    \t\t\t\t\t    <textarea name=\"contact-message\" placeholder=\" \" id=\"tb_d2b474c-contact-message\" class=\"form-control\"><\/textarea>\n\t\t\t\t    \t\t\t\t    \t\t\t\t\t    <span class=\"tb_contact_label\">\n\t\t\t\t\t\t    <span class=\"tb-label-span\">Sporo\u010dilo <\/span>\t\t\t\t\t    <\/span>\n\t\t\t\t    \t\t\t    <\/div>\n\t\t<\/div>\n\t    \n\t\t    \t\t\n\t\t\n\t    \n\t    <div class=\"builder-contact-field builder-contact-field-send control-input tf_textl tf_clear tf_rel\">\n\t\t\t<button type=\"submit\" class=\"btn btn-primary\">\n\t\t\t\t<span class=\"tf_loader\"><\/span>\t\t\t\t<span class=\"tf_submit_icon\"><\/span> \n\t\t\t\tPo\u0161lji\t\t\t<\/button>\n\t    <\/div>\n\t<\/div>\n    <\/form>\n    <\/div>\n<!-- \/module contact -->\n        <\/div>\n                    <div  data-lazy=\"1\" class=\"module_column tb-column col4-2 tb_d50c1c8 last\">\n                    <!-- module map -->\n<div  class=\"module module-map tb_fqh5142 \">\n                                    <link rel=\"preconnect\" href=\"https:\/\/maps.googleapis.com\" crossorigin\/>\n                <div data-lazy=\"1\"             data-map-provider=\"google\"\n                            data-mapid=\"\"\n             \n            data-address=\"P.za della Cattedrale, 3, Trieste 34131\"\n            data-zoom=\"12\"\n            data-type=\"ROADMAP\"\n            data-scroll=\"\"\n            data-drag=\"1\"\n            data-mdrag=\"1\"\n            data-control=\"\"\n            class=\"tf_lazy themify_map\"\n            style=\"width:100%;height:600px;\"\n            data-info-window=\"&lt;b&gt;Address&lt;\/b&gt;&lt;br\/&gt;&lt;p&gt;P.za della Cattedrale, 3, Trieste 34131&lt;\/p&gt;\"\n            data-reverse-geocoding=\"\">\n        <\/div>\n    <\/div>\n<!-- \/module map -->\n        <\/div>\n                        <\/div>\n        <\/div>\n        <\/div>\n<!--\/themify_builder_content-->","protected":false},"excerpt":{"rendered":"<p>Amber Wine Festival 25.05.2024, Trst<\/p>\n","protected":false},"author":1,"featured_media":0,"parent":0,"menu_order":0,"comment_status":"closed","ping_status":"closed","template":"","meta":{"_price":"","_stock":"","_tribe_ticket_header":"","_tribe_default_ticket_provider":"","_tribe_ticket_capacity":"0","_ticket_start_date":"","_ticket_end_date":"","_tribe_ticket_show_description":"","_tribe_ticket_show_not_going":false,"_tribe_ticket_use_global_stock":"","_tribe_ticket_global_stock_level":"","_global_stock_mode":"","_global_stock_cap":"","_tribe_rsvp_for_event":"","_tribe_ticket_going_count":"","_tribe_ticket_not_going_count":"","_tribe_tickets_list":"[]","_tribe_ticket_has_attendee_info_fields":false,"footnotes":"","_tec_slr_enabled":"","_tec_slr_layout":""},"class_list":["post-1671","page","type-page","status-publish","hentry","has-post-title","has-post-date","has-post-category","has-post-tag","has-post-comment","has-post-author",""],"builder_content":"<h3><a href=\"#amber\">Amber Wine Festival 25.05.2024, Trst<\/a><\/h3>\n<h3><a href=\"#gingin\">Gin Gin 2024<br>Kmalu<\/a><\/h3>\n<h3><a href=\"#bollenaturali\">Bolle Naturali 2024 - Na\u010drtovan datum 24.08.2024<\/a><\/h3>\n<h3><a href=\"#contatto\">Kontakt<\/a><\/h3>\n<img src=\"https:\/\/forevents.org\/wp-content\/uploads\/2024\/03\/logo_2024.png\" title=\"logo_2024\" alt=\"logo_2024\" srcset=\"https:\/\/forevents.org\/wp-content\/uploads\/2024\/03\/logo_2024.png 500w, https:\/\/forevents.org\/wp-content\/uploads\/2024\/03\/logo_2024-300x169.png 300w\" sizes=\"(max-width: 500px) 100vw, 500px\" \/>\n<h1 style=\"text-align: center;\">Predprodaja vstopnic <br \/>Amber Wine Festival 2024<\/h1> <h3 style=\"text-align: center;\">Grad Svetega Justa, Trst, 25\/5\/2024<\/h3> <p style=\"text-align: left;\">Ve\u010d kot 40 vinarjev iz \u0161tirih dr\u017eav in samo eno vino - Amber<\/p> <p style=\"text-align: left;\">Amber (jantar) vina so bela vina, proizvedena s tradicionalnim postopkom dolgotrajne maceracije, med katero mo\u0161t v stiku s ko\u017eicami dobi jantarno barvo, ki je prepoznavni znak teh vin.<\/p>\n<p>Vstopnica na Festival vklju\u010duje:<\/p> <ul> <li>neomejena degustacija vin<\/li> <li>kozarec in vre\u010dka za kozarec<\/li> <li>informativni karton\u010dek s seznamom vseh vinarjev in vin predstavljenih na Festivalu<\/li> <li>degustacija gastro delicij<\/li> <\/ul>\n<h2>Sobota 25.05.2024<br\/>Amber Wine Festival 2024<\/h2>\n<a href=\"https:\/\/forevents.org\/sl\/evento\/amber-wine-festival-25-05-2024\/\" > Kupi vstopnice <\/a>\n<img src=\"https:\/\/forevents.org\/wp-content\/uploads\/2024\/03\/logo_2024.png\" title=\"logo_2024\" alt=\"logo_2024\" srcset=\"https:\/\/forevents.org\/wp-content\/uploads\/2024\/03\/logo_2024.png 500w, https:\/\/forevents.org\/wp-content\/uploads\/2024\/03\/logo_2024-300x169.png 300w\" sizes=\"(max-width: 500px) 100vw, 500px\" \/>\n<p>Ve\u010d kot 40 vinarjev iz \u0161tirih dr\u017eav in samo eno vino - <strong>Amber<\/strong><br>Na kri\u017ei\u0161\u010du, ki gre od Krasa do Brd in od Istre do Avstrije se nahajajo najbolj\u0161i svetovni proizvajalci tega sloga vin. Trst v sredi\u0161\u010du te regije gosti odli\u010dnost.<\/p> <p>K vinom se pridru\u017eijo skrbno izbrane kulinari\u010dne specialitete tega obmo\u010dja, ki jih bodo za to prilo\u017enost reinterpretirali priznani kuharski mojstri.<br>To in \u0161e ve\u010d vas \u010daka 25. maja v \u010dudovitem okolju Grada Svetega Justa z o\u010darljivim razgledom na tr\u017ea\u0161ki zaliv.<\/p> <p>\u010cudovita kulisa za nepozabno enogastronomsko izku\u0161njo.<\/p> <p>Vabljeni v Trst.<\/p>\n<a href=\"https:\/\/forevents.org\/sl\/evento\/amber-wine-festival-25-05-2024\/\" > Kupi vstopnice <\/a>\n<a href=\"https:\/\/amberwinefestival.com\/sl\/\" target=\"_blank\" rel=\"noopener\"> Odkrij ve\u010d <\/a>\n<h1 style=\"text-align: left;\">GIN GIN<\/h1> <p style=\"text-align: left;\">Novost<\/p> <p style=\"text-align: left;\"><strong>GIN GIN<\/strong> je svetovna premiera predstavitve naravnih d\u017einov, proizvedenih s strani malih podjetij. Skrbna izbira za spoznavanje obse\u017enega sveta kombinacij, ki d\u017ein spremenijo v vladarja najbolj cenjenih pija\u010d na svetu. Edinstvena prilo\u017enost za deljenje vznemirljive izku\u0161nje ob degustaciji razli\u010dnih me\u0161anic pija\u010d, ki so prav tako proizvedene s strani ni\u0161nih podjetij.<\/p> <p style=\"text-align: left;\"> <\/p>\n<h1 style=\"text-align: left;\">BOLLE NATURALI 2024<\/h1> <p style=\"text-align: left;\">Na\u010drtovan datum 24\/08\/2024<\/p> <p style=\"text-align: left;\"><strong>Bolle Naturali<\/strong> je degustacija, namenjena naravnim peninam, ki se razlikujejo po raznolikosti sort grozdja in ozemljih, ki so zgodovinsko znana po proizvodnji penin. Edinstvena prilo\u017enost za u\u017eivanje v naravnih mehur\u010dkih, ki s svojo kompleksnostjo odpirajo nove horizonte okusov. Svet naravnih vin, pogosto nefiltriranih ali z dolgimi maceracijami, iz razli\u010dnih teritorijev, tako ni\u0161nih kot tudi iz regije Champagne. Odli\u010dna vina z ne\u0161tetimi odtenki za edinstveno osve\u017eujo\u010do izku\u0161njo.<\/p> <p style=\"text-align: left;\"> <\/p>\n<h3>ForevenTS<\/h3> <p>Dobrodo\u0161li na ForevenTS, kjer organiziramo serijo kulturnih in zanimivih dogodkov, edinstvenih in ekskluzivnih v prelepem Trstu.<\/p> <p>Amber Wine Festival predstavlja izvrstnost maceriranih belih vin, ki ima svoje korenine v zaledju Trsta. V sredi\u0161\u010du obmo\u010dja, ki se razteza od Krasa do Brd in od Istre skozi Slovenijo, se nahajajo najbolj\u0161i proizvajalci Amber (jantarnih) vin na svetu. To so naravno proizvedena bela vina z metodo dolge maceracije. Polna, bogata vina z mo\u010dno strukturo.<\/p> <p>Z veseljem predstavljamo na\u0161e prihajajo\u010de dogodke:<\/p> <p><a href=\"https:\/\/forevents.org\/#bollenaturali\"><strong>Bolle Naturali<\/strong><\/a> in <a href=\"https:\/\/forevents.org\/#gingin\"><strong>GIN GIN<\/strong><\/a><\/p> <p>Trst, Grad Svetega Justa.<\/p> <p><em>Med zidovi ekskluzivnosti.<\/em><\/p>\n<h4>Kontakt<\/h4> <p>tel: <a href=\"tel:+393493037764\">+393493037764<\/a> <br>tel: <a href=\"tel:+393713150053\">+393713150053<\/a><\/p>\n<form id=\"tb_d2b474c-form\" method=\"post\" data-post-id=\"0\" data-element-id=\"d2b474c\" data-orig-id=\"1671\" > <label for=\"tb_d2b474c-contact-name\"> Ime * <\/label> <input type=\"text\" name=\"contact-name\" placeholder=\" \" id=\"tb_d2b474c-contact-name\" value=\"\" required> Ime * <label for=\"tb_d2b474c-contact-email\"> E-mail * <\/label> <input type=\"email\" name=\"contact-email\" placeholder=\" \" id=\"tb_d2b474c-contact-email\" value=\"\" required> E-mail * <label for=\"tb_d2b474c-contact-subject\"> Zadeva * <\/label> <input type=\"text\" name=\"contact-subject\" placeholder=\" \" id=\"tb_d2b474c-contact-subject\" value=\"\" required> Zadeva * <label for=\"tb_d2b474c-contact-message\"> Sporo\u010dilo <\/label> <textarea name=\"contact-message\" placeholder=\" \" id=\"tb_d2b474c-contact-message\"><\/textarea> Sporo\u010dilo <button type=\"submit\"> Po\u0161lji <\/button> <\/form>\n<h3><\/h3><iframe frameborder=\"0\" scrolling=\"no\" marginheight=\"0\" marginwidth=\"0\" src=\"https:\/\/maps.google.com\/maps?q=P.za+della+Cattedrale%2C+3%2C+Trieste+34131&amp;t=m&amp;z=12&amp;output=embed&amp;iwloc=near\"><\/iframe>","ticketed":false,"_links":{"self":[{"href":"https:\/\/forevents.org\/sl\/wp-json\/wp\/v2\/pages\/1671","targetHints":{"allow":["GET"]}}],"collection":[{"href":"https:\/\/forevents.org\/sl\/wp-json\/wp\/v2\/pages"}],"about":[{"href":"https:\/\/forevents.org\/sl\/wp-json\/wp\/v2\/types\/page"}],"author":[{"embeddable":true,"href":"https:\/\/forevents.org\/sl\/wp-json\/wp\/v2\/users\/1"}],"replies":[{"embeddable":true,"href":"https:\/\/forevents.org\/sl\/wp-json\/wp\/v2\/comments?post=1671"}],"version-history":[{"count":15,"href":"https:\/\/forevents.org\/sl\/wp-json\/wp\/v2\/pages\/1671\/revisions"}],"predecessor-version":[{"id":1725,"href":"https:\/\/forevents.org\/sl\/wp-json\/wp\/v2\/pages\/1671\/revisions\/1725"}],"wp:attachment":[{"href":"https:\/\/forevents.org\/sl\/wp-json\/wp\/v2\/media?parent=1671"}],"curies":[{"name":"wp","href":"https:\/\/api.w.org\/{rel}","templated":true}]}}