{"id":1675,"date":"2019-01-09T03:20:18","date_gmt":"2019-01-09T02:20:18","guid":{"rendered":"https:\/\/forevents.org\/doma\/"},"modified":"2024-04-17T13:36:48","modified_gmt":"2024-04-17T11:36:48","slug":"doma","status":"publish","type":"page","link":"https:\/\/forevents.org\/hr\/doma\/","title":{"rendered":"Doma"},"content":{"rendered":"<!--themify_builder_content-->\n<div id=\"themify_builder_content-1675\" data-postid=\"1675\" class=\"themify_builder_content themify_builder_content-1675 themify_builder tf_clear\">\n                    <div  data-anchor=\"home\" data-css_id=\"95aa6ba\" data-lazy=\"1\" class=\"module_row themify_builder_row fullheight fullwidth tb_has_section tb_section-home tb_95aa6ba tb_first tf_w\">\n                        <div class=\"row_inner col_align_middle gutter-none tb_col_count_4 tf_box tf_rel\">\n                        <div  data-lazy=\"1\" class=\"module_column tb-column col4-1 tb_ba46355 first\">\n        <span  class=\"builder_row_cover tf_abs\" data-lazy=\"1\"><\/span>            <!-- module text -->\n<div  class=\"module module-text tb_n0u5689   \" data-lazy=\"1\">\n        <div  class=\"tb_text_wrap\">\n        <h3><a href=\"#amber\">Amber Wine Festival 25.05.2024, Trst<\/a><\/h3>    <\/div>\n<\/div>\n<!-- \/module text -->        <\/div>\n                    <div  data-lazy=\"1\" class=\"module_column tb-column col4-1 tb_a8f85b0\">\n        <span  class=\"builder_row_cover tf_abs\" data-lazy=\"1\"><\/span>            <!-- module text -->\n<div  class=\"module module-text tb_5hdf690   \" data-lazy=\"1\">\n        <div  class=\"tb_text_wrap\">\n        <h3><a href=\"#gingin\">Gin Gin 2024<br>Novost<\/a><\/h3>    <\/div>\n<\/div>\n<!-- \/module text -->        <\/div>\n                    <div  data-lazy=\"1\" class=\"module_column tb-column col4-1 tb_8629e52\">\n        <span  class=\"builder_row_cover tf_abs\" data-lazy=\"1\"><\/span>            <!-- module text -->\n<div  class=\"module module-text tb_vwvt690   \" data-lazy=\"1\">\n        <div  class=\"tb_text_wrap\">\n        <h3><a href=\"#bollenaturali\">Bolle Naturali 2024 &#8211; predvi\u0111eni datum 24.08.2024<\/a><\/h3>    <\/div>\n<\/div>\n<!-- \/module text -->        <\/div>\n                    <div  data-lazy=\"1\" class=\"module_column tb-column col4-1 tb_12e11e7 last\">\n        <span  class=\"builder_row_cover tf_abs\" data-lazy=\"1\"><\/span>            <!-- module text -->\n<div  class=\"module module-text tb_lsy6690   \" data-lazy=\"1\">\n        <div  class=\"tb_text_wrap\">\n        <h3><a href=\"#contatto\">Kontakt<\/a><\/h3>\n    <\/div>\n<\/div>\n<!-- \/module text -->        <\/div>\n                        <\/div>\n        <\/div>\n                        <div  data-anchor=\"biglietti\" data-css_id=\"92zt138\" data-lazy=\"1\" class=\"module_row themify_builder_row fullwidth tb_has_section tb_section-biglietti tb_92zt138 tf_w\">\n                        <div class=\"row_inner col_align_middle tb_col_count_2 tf_box tf_rel\">\n                        <div  data-lazy=\"1\" class=\"module_column tb-column col4-2 tb_p5qq139 first\">\n                    <!-- module image -->\n<div  class=\"module module-image tb_b4nn528 image-top   tf_mw\" data-lazy=\"1\">\n        <div class=\"image-wrap tf_rel tf_mw\">\n            <img loading=\"lazy\" decoding=\"async\" width=\"500\" height=\"281\" src=\"https:\/\/forevents.org\/wp-content\/uploads\/2024\/03\/logo_2024.png\" class=\"wp-post-image wp-image-1594\" title=\"logo_2024\" alt=\"logo_2024\" srcset=\"https:\/\/forevents.org\/wp-content\/uploads\/2024\/03\/logo_2024.png 500w, https:\/\/forevents.org\/wp-content\/uploads\/2024\/03\/logo_2024-300x169.png 300w\" sizes=\"auto, (max-width: 500px) 100vw, 500px\" \/>    \n        <\/div>\n    <!-- \/image-wrap -->\n    \n        <\/div>\n<!-- \/module image --><!-- module text -->\n<div  class=\"module module-text tb_83un522   \" data-lazy=\"1\">\n        <div  class=\"tb_text_wrap\">\n        <h1 style=\"text-align: center;\">Pretprodaja ulaznica <br>Amber Wine Festival 2024<\/h1>\n<h3 style=\"text-align: center;\">Dvorac San Giusto, 25\/5\/2024<\/h3>\n<p style=\"text-align: left;\">Vi\u0161e od 40 proizvo\u0111a\u010da iz 4 zemlje te samo jedno vino: Amber.<\/p>\n<p style=\"text-align: left;\">Amber vina su bijela vina proizvedena tradicionalnim postupkom dugotrajne maceracije, pri \u010demu mo\u0161t u dodiru s ko\u017eicom gro\u017e\u0111a poprima jantarnu boju, \u0161to je prepoznatljiv znak ovih vina.<\/p>    <\/div>\n<\/div>\n<!-- \/module text --><!-- module text -->\n<div  class=\"module module-text tb_fdr4453   \" data-lazy=\"1\">\n        <div  class=\"tb_text_wrap\">\n        <p>Ulaznica uklju\u010duje:<\/p>\n<ul>\n<li>neograni\u010denu degustaciju vina<\/li>\n<li>\u010da\u0161u i vre\u0107icu za \u010da\u0161u<\/li>\n<li>karton\u010di\u0107 sa spiskom svih vinara i vina predstavljenih na festivalu<\/li>\n<li>degustacija gastro delicija<\/li>\n<\/ul>    <\/div>\n<\/div>\n<!-- \/module text -->        <\/div>\n                    <div  data-lazy=\"1\" class=\"module_column tb-column col4-2 tb_ntdj969 last\">\n                    <!-- module fancy heading -->\n<div  class=\"module module-fancy-heading tb_q5uu747 \" data-lazy=\"1\">\n        <h2 class=\"fancy-heading\">\n    <span class=\"main-head tf_block\">\n                    Subota 25.05.2024            <\/span>\n\n    \n    <span class=\"sub-head tf_block tf_rel\">\n                    Amber Wine Festival 2024            <\/span>\n    <\/h2>\n<\/div>\n<!-- \/module fancy heading -->\n<!-- module buttons -->\n<div  class=\"module module-buttons tb_r1k870 buttons-horizontal solid  xlarge rounded buttons-fullwidth\" data-lazy=\"1\">\n        <div class=\"module-buttons-item tf_in_flx\">\n                        <a href=\"https:\/\/forevents.org\/hr\/evento\/amber-wine-festival-25-05-2024\/\" class=\"ui builder_button tf_in_flx tb_default_color\" >\n                                                Kupi ulaznice                                        <\/a>\n                <\/div>\n            <\/div>\n<!-- \/module buttons -->\n        <\/div>\n                        <\/div>\n        <\/div>\n                        <div  data-anchor=\"amber\" data-css_id=\"48cec81\" id=\"about\" data-lazy=\"1\" class=\"module_row themify_builder_row fullheight fullwidth tb_has_section tb_section-amber tb_48cec81 tf_w\">\n                        <div class=\"row_inner col_align_middle gutter-none tb_col_count_2 tf_box tf_rel\">\n                        <div  data-lazy=\"1\" class=\"module_column tb-column col4-2 tb_d929eda first\">\n                    <!-- module image -->\n<div  class=\"module module-image tb_40c2220 image-center   tf_mw\" data-lazy=\"1\">\n        <div class=\"image-wrap tf_rel tf_mw\">\n            <img loading=\"lazy\" decoding=\"async\" width=\"500\" height=\"281\" src=\"https:\/\/forevents.org\/wp-content\/uploads\/2024\/03\/logo_2024.png\" class=\"wp-post-image wp-image-1594\" title=\"logo_2024\" alt=\"logo_2024\" srcset=\"https:\/\/forevents.org\/wp-content\/uploads\/2024\/03\/logo_2024.png 500w, https:\/\/forevents.org\/wp-content\/uploads\/2024\/03\/logo_2024-300x169.png 300w\" sizes=\"auto, (max-width: 500px) 100vw, 500px\" \/>    \n        <\/div>\n    <!-- \/image-wrap -->\n    \n        <\/div>\n<!-- \/module image --><!-- module text -->\n<div  class=\"module module-text tb_6d0516d   \" data-lazy=\"1\">\n        <div  class=\"tb_text_wrap\">\n        <p>Vi\u0161e od 40 proizvo\u0111a\u010da iz 4 zemlje te samo jedno vino: <strong>Amber<\/strong>.<br>Na podru\u010dju koje kre\u0107e od Krasa do Brda i od Istre do Austrije nalaze se najbolji svjetski proizvo\u0111a\u010di ovog stila vina. Trst se nalazi u centru ove odli\u010dnosti.<\/p>\n<p>Uz pa\u017eljivo odabrana vina, mo\u0107i \u0107ete probati skbno birane kulinari\u010dne specijalitete reinterpretirane za ovu priliku od strane priznatih kuhara.<br>Ovo i jo\u0161 mnogo toga vas o\u010dekuje 25. svibnja u prekrasnom okru\u017eenju dvorca San Giusto s o\u010daravaju\u0107im pogledom na Tr\u0161\u0107anski zaljev.<\/p>\n<p>Prekrasan scenarij za eno-gastronomsko iskustvo koje ne smijete propustiti.<\/p>\n<p>\u010cekamo vas u Trstu.<\/p>    <\/div>\n<\/div>\n<!-- \/module text --><!-- module buttons -->\n<div  class=\"module module-buttons tb_wcjd399 buttons-horizontal solid  xlarge rounded buttons-fullwidth\" data-lazy=\"1\">\n        <div class=\"module-buttons-item tf_in_flx\">\n                        <a href=\"https:\/\/forevents.org\/hr\/evento\/amber-wine-festival-25-05-2024\/\" class=\"ui builder_button tf_in_flx tb_default_color\" >\n                                                Kupi ulaznice                                        <\/a>\n                <\/div>\n            <\/div>\n<!-- \/module buttons -->\n<!-- module buttons -->\n<div  class=\"module module-buttons tb_yy4x732 buttons-horizontal solid  xlarge rounded buttons-fullwidth\" data-lazy=\"1\">\n        <div class=\"module-buttons-item tf_in_flx\">\n                        <a href=\"https:\/\/amberwinefestival.com\/hr\/\" class=\"ui builder_button tf_in_flx tb_default_color\" target=\"_blank\" rel=\"noopener\">\n                                                Otkrij vi\u0161e                                        <\/a>\n                <\/div>\n            <\/div>\n<!-- \/module buttons -->\n        <\/div>\n                    <div  data-lazy=\"1\" class=\"module_column tb-column col4-2 tb_02da060 last\">\n                            <\/div>\n                        <\/div>\n        <\/div>\n                        <div  data-anchor=\"gingin\" data-css_id=\"8f5aa1c\" data-lazy=\"1\" class=\"module_row themify_builder_row fullwidth tb_has_section tb_section-gingin tb_8f5aa1c tf_w\">\n                        <div class=\"row_inner col_align_middle tb_col_count_2 tf_box tf_rel\">\n                        <div  data-lazy=\"1\" class=\"module_column tb-column col4-2 tb_e8eeee1 first\">\n                    <!-- module text -->\n<div  class=\"module module-text tb_hgm2806   \" data-lazy=\"1\">\n        <div  class=\"tb_text_wrap\">\n        <h1 style=\"text-align: left;\">GIN GIN<\/h1>\n<p style=\"text-align: left;\">Novost<\/p>\n<p style=\"text-align: left;\"><strong>GIN GIN<\/strong> je svjetska premijera prezentacije prirodnih d\u017einova proizvedenih sa strane malih obrtnika. Odabrana selekcija za upoznavanje \u0161iroke palete kombinacija koje su Gin u\u010dinile vladarem najcjenjenijih pi\u0107a na svijetu. Jedinstvena prilika za dijeljenje uzbudljivog iskustva ku\u0161anja razli\u010ditih mje\u0161avina pi\u0107a, proizvedenih sa strane ni\u0161nih proizvo\u0111a\u010da.<\/p>\n<p style=\"text-align: left;\"> <\/p>    <\/div>\n<\/div>\n<!-- \/module text -->        <\/div>\n                    <div  data-lazy=\"1\" class=\"module_column tb-column col4-2 tb_356j396 last\">\n                            <\/div>\n                        <\/div>\n        <\/div>\n                        <div  data-anchor=\"bollenaturali\" data-css_id=\"vb2b682\" data-lazy=\"1\" class=\"module_row themify_builder_row fullwidth tb_has_section tb_section-bollenaturali tb_vb2b682 tf_w\">\n                        <div class=\"row_inner col_align_middle tb_col_count_2 tf_box tf_rel\">\n                        <div  data-lazy=\"1\" class=\"module_column tb-column col4-2 tb_a9tf692 first\">\n                    <!-- module text -->\n<div  class=\"module module-text tb_xcuf12   \" data-lazy=\"1\">\n        <div  class=\"tb_text_wrap\">\n        <h1 style=\"text-align: left;\">BOLLE NATURALI 2024<\/h1>\n<p style=\"text-align: left;\">Planiran datum 24\/08\/2024<\/p>\n<p style=\"text-align: left;\"><strong>Bolle Naturali<\/strong> je degustacija posve\u0107ena prirodnim pjenu\u0161cima koji se isti\u010du po raznolikosti sorti gro\u017e\u0111a i teritorija s povijesnim zna\u010dajem u proizvodnji pjenu\u0161aca. Jedinstvena prilika za u\u017eivanje u prirodnim mjehuri\u0107ima koji svojom slo\u017eeno\u0161\u0107u otvaraju nove horizonte okusa. Proizvedeni u stilu prirodnih vina, \u010desto nefiltriranih ili s dugim maceracijama, koji potje\u010du iz razli\u010ditih teritorija, kako ni\u0161nih tako i regije Champagne. Izvrsna pjenu\u0161ava vina s bogatstvom nijansi za jedinstveno osvje\u017eavaju\u0107e iskustvo.<\/p>\n<p style=\"text-align: left;\"> <\/p>    <\/div>\n<\/div>\n<!-- \/module text -->        <\/div>\n                    <div  data-lazy=\"1\" class=\"module_column tb-column col4-2 tb_hinw330 last\">\n                            <\/div>\n                        <\/div>\n        <\/div>\n                        <div  data-anchor=\"contatto\" data-css_id=\"28401f3\" data-lazy=\"1\" class=\"module_row themify_builder_row fullheight fullwidth tb_has_section tb_section-contatto tb_28401f3 tf_w\">\n                        <div class=\"row_inner col_align_middle gutter-none tb_col_count_2 tf_box tf_rel\">\n                        <div  data-lazy=\"1\" class=\"module_column tb-column col4-2 tb_918d5ed first\">\n                    <!-- module text -->\n<div  class=\"module module-text tb_ocu1694   \" data-lazy=\"1\">\n        <div  class=\"tb_text_wrap\">\n        <h3>ForevenTS<\/h3>\n<p>Dobrodo\u0161li na ForevenTS, gdje organiziramo seriju kulturnih i eno-gastronomskih doga\u0111anja, jedinstvenih i ekskluzivnih u prekrasnom Trstu.<\/p>\n<p>Amber Wine Festival predstavlja izvrsnost maceriranih bijelih vina koja imaju korijene u zale\u0111u Trsta. U sredi\u0161tu teritorija koji se prote\u017ee od Krasa do Brda i od Istre preko Slovenije, nalaze se najbolji svjetski proizvo\u0111a\u010di jantarnih vina. To su prirodna bijela vina proizvedena sa metodom dugotrajne maceracije. Punog tijela, izra\u017eajna vina s velikom strukturom.<\/p>\n<p>S veseljem predstavljamo na\u0161e nadolaze\u0107e evente:<\/p>\n<p><a href=\"https:\/\/forevents.org\/#bollenaturali\"><strong>Bolle Naturali<\/strong><\/a> i <a href=\"https:\/\/forevents.org\/#gingin\"><strong>GIN GIN<\/strong><\/a><\/p>\n<p>Trst, Dvorac San Giusto.<\/p>\n<p><em>Izme\u0111u zidova ekskluzivnosti.<\/em><\/p>    <\/div>\n<\/div>\n<!-- \/module text --><!-- module text -->\n<div  class=\"module module-text tb_4c1d47   \" data-lazy=\"1\">\n        <div  class=\"tb_text_wrap\">\n        <h4>Kontakt<\/h4>\n<p>tel: <a href=\"tel:+393493037764\">+393493037764<\/a> <br>tel: <a href=\"tel:+393713150053\">+393713150053<\/a><\/p>\n    <\/div>\n<\/div>\n<!-- \/module text --><!-- module contact -->\n<div  id=\"tb_d2b474c\" class=\"module module-contact tb_d2b474c contact-animated-label \" data-lazy=\"1\">\n    \n\t<form class=\"builder-contact\"\n\t\tid=\"tb_d2b474c-form\"\n\t\tmethod=\"post\"\n\t\tdata-post-id=\"1675\"\n\t\tdata-element-id=\"d2b474c\"\n\t\tdata-orig-id=\"1675\"\n\t>\n    <div class=\"contact-message\"><\/div>\n\t<div class=\"builder-contact-fields tf_rel\">\n\t\t    \t\t    <div class=\"builder-contact-field builder-contact-field-name builder-contact-text-field\">\n\t\t\t    <label class=\"control-label\" for=\"tb_d2b474c-contact-name\">\n\t\t\t\t\t\t\t\t\t\t<span class=\"tb-label-span\">Ime <\/span><span class=\"required\">*<\/span>\t\t\t\t<\/label>\n\t\t\t    <div class=\"control-input tf_rel\">\n\t\t\t\t    \t\t\t\t\t    <input type=\"text\" name=\"contact-name\" placeholder=\" \" id=\"tb_d2b474c-contact-name\" value=\"\" class=\"form-control\" required>\n\t\t\t\t    \t\t\t\t    \t\t\t\t\t    <span class=\"tb_contact_label\">\n\t\t\t\t\t\t    <span class=\"tb-label-span\">Ime <\/span><span class=\"required\">*<\/span>\t\t\t\t\t    <\/span>\n\t\t\t\t    \t\t\t    <\/div>\n\t\t<\/div>\n\t    \n\t\t    \t\t    <div class=\"builder-contact-field builder-contact-field-email builder-contact-text-field\">\n\t\t\t    <label class=\"control-label\" for=\"tb_d2b474c-contact-email\">\n\t\t\t\t\t\t\t\t\t\t<span class=\"tb-label-span\">E-mail <\/span><span class=\"required\">*<\/span>\t\t\t\t<\/label>\n\t\t\t    <div class=\"control-input tf_rel\">\n\t\t\t\t    \t\t\t\t\t    <input type=\"email\" name=\"contact-email\" placeholder=\" \" id=\"tb_d2b474c-contact-email\" value=\"\" class=\"form-control\" required>\n\t\t\t\t    \t\t\t\t    \t\t\t\t\t    <span class=\"tb_contact_label\">\n\t\t\t\t\t\t    <span class=\"tb-label-span\">E-mail <\/span><span class=\"required\">*<\/span>\t\t\t\t\t    <\/span>\n\t\t\t\t    \t\t\t    <\/div>\n\t\t<\/div>\n\t    \n\t\t    \t\t    <div class=\"builder-contact-field builder-contact-field-subject builder-contact-text-field\">\n\t\t\t    <label class=\"control-label\" for=\"tb_d2b474c-contact-subject\">\n\t\t\t\t\t\t\t\t\t\t<span class=\"tb-label-span\">Predmet <\/span><span class=\"required\">*<\/span>\t\t\t\t<\/label>\n\t\t\t    <div class=\"control-input tf_rel\">\n\t\t\t\t    \t\t\t\t\t    <input type=\"text\" name=\"contact-subject\" placeholder=\" \" id=\"tb_d2b474c-contact-subject\" value=\"\" class=\"form-control\" required>\n\t\t\t\t    \t\t\t\t    \t\t\t\t\t    <span class=\"tb_contact_label\">\n\t\t\t\t\t\t    <span class=\"tb-label-span\">Predmet <\/span><span class=\"required\">*<\/span>\t\t\t\t\t    <\/span>\n\t\t\t\t    \t\t\t    <\/div>\n\t\t<\/div>\n\t    \n\t\t    \t\t    <div class=\"builder-contact-field builder-contact-field-message builder-contact-textarea-field\">\n\t\t\t    <label class=\"control-label\" for=\"tb_d2b474c-contact-message\">\n\t\t\t\t\t\t\t\t\t\t<span class=\"tb-label-span\">Poruka <\/span>\t\t\t\t<\/label>\n\t\t\t    <div class=\"control-input tf_rel\">\n\t\t\t\t    \t\t\t\t\t    <textarea name=\"contact-message\" placeholder=\" \" id=\"tb_d2b474c-contact-message\" class=\"form-control\"><\/textarea>\n\t\t\t\t    \t\t\t\t    \t\t\t\t\t    <span class=\"tb_contact_label\">\n\t\t\t\t\t\t    <span class=\"tb-label-span\">Poruka <\/span>\t\t\t\t\t    <\/span>\n\t\t\t\t    \t\t\t    <\/div>\n\t\t<\/div>\n\t    \n\t\t    \t\t\n\t\t\n\t    \n\t    <div class=\"builder-contact-field builder-contact-field-send control-input tf_textl tf_clear tf_rel\">\n\t\t\t<button type=\"submit\" class=\"btn btn-primary\">\n\t\t\t\t<span class=\"tf_loader\"><\/span>\t\t\t\t<span class=\"tf_submit_icon\"><\/span> \n\t\t\t\tPo\u0161alji\t\t\t<\/button>\n\t    <\/div>\n\t<\/div>\n    <\/form>\n    <\/div>\n<!-- \/module contact -->\n        <\/div>\n                    <div  data-lazy=\"1\" class=\"module_column tb-column col4-2 tb_d50c1c8 last\">\n                    <!-- module map -->\n<div  class=\"module module-map tb_fqh5142 \">\n                                    <link rel=\"preconnect\" href=\"https:\/\/maps.googleapis.com\" crossorigin\/>\n                <div data-lazy=\"1\"             data-map-provider=\"google\"\n                            data-mapid=\"\"\n             \n            data-address=\"P.za della Cattedrale, 3, Trieste 34131\"\n            data-zoom=\"12\"\n            data-type=\"ROADMAP\"\n            data-scroll=\"\"\n            data-drag=\"1\"\n            data-mdrag=\"1\"\n            data-control=\"\"\n            class=\"tf_lazy themify_map\"\n            style=\"width:100%;height:600px;\"\n            data-info-window=\"&lt;b&gt;Address&lt;\/b&gt;&lt;br\/&gt;&lt;p&gt;P.za della Cattedrale, 3, Trieste 34131&lt;\/p&gt;\"\n            data-reverse-geocoding=\"\">\n        <\/div>\n    <\/div>\n<!-- \/module map -->\n        <\/div>\n                        <\/div>\n        <\/div>\n        <\/div>\n<!--\/themify_builder_content-->","protected":false},"excerpt":{"rendered":"<p>Amber Wine Festival 25.05.2024, Trst<\/p>\n","protected":false},"author":1,"featured_media":0,"parent":0,"menu_order":0,"comment_status":"closed","ping_status":"closed","template":"","meta":{"_price":"","_stock":"","_tribe_ticket_header":"","_tribe_default_ticket_provider":"","_tribe_ticket_capacity":"0","_ticket_start_date":"","_ticket_end_date":"","_tribe_ticket_show_description":"","_tribe_ticket_show_not_going":false,"_tribe_ticket_use_global_stock":"","_tribe_ticket_global_stock_level":"","_global_stock_mode":"","_global_stock_cap":"","_tribe_rsvp_for_event":"","_tribe_ticket_going_count":"","_tribe_ticket_not_going_count":"","_tribe_tickets_list":"[]","_tribe_ticket_has_attendee_info_fields":false,"footnotes":"","_tec_slr_enabled":"","_tec_slr_layout":""},"class_list":["post-1675","page","type-page","status-publish","hentry","has-post-title","has-post-date","has-post-category","has-post-tag","has-post-comment","has-post-author",""],"builder_content":"<h3><a href=\"#amber\">Amber Wine Festival 25.05.2024, Trst<\/a><\/h3>\n<h3><a href=\"#gingin\">Gin Gin 2024<br>Novost<\/a><\/h3>\n<h3><a href=\"#bollenaturali\">Bolle Naturali 2024 - predvi\u0111eni datum 24.08.2024<\/a><\/h3>\n<h3><a href=\"#contatto\">Kontakt<\/a><\/h3>\n<img src=\"https:\/\/forevents.org\/wp-content\/uploads\/2024\/03\/logo_2024.png\" title=\"logo_2024\" alt=\"logo_2024\" srcset=\"https:\/\/forevents.org\/wp-content\/uploads\/2024\/03\/logo_2024.png 500w, https:\/\/forevents.org\/wp-content\/uploads\/2024\/03\/logo_2024-300x169.png 300w\" sizes=\"(max-width: 500px) 100vw, 500px\" \/>\n<h1 style=\"text-align: center;\">Pretprodaja ulaznica <br>Amber Wine Festival 2024<\/h1> <h3 style=\"text-align: center;\">Dvorac San Giusto, 25\/5\/2024<\/h3> <p style=\"text-align: left;\">Vi\u0161e od 40 proizvo\u0111a\u010da iz 4 zemlje te samo jedno vino: Amber.<\/p> <p style=\"text-align: left;\">Amber vina su bijela vina proizvedena tradicionalnim postupkom dugotrajne maceracije, pri \u010demu mo\u0161t u dodiru s ko\u017eicom gro\u017e\u0111a poprima jantarnu boju, \u0161to je prepoznatljiv znak ovih vina.<\/p>\n<p>Ulaznica uklju\u010duje:<\/p> <ul> <li>neograni\u010denu degustaciju vina<\/li> <li>\u010da\u0161u i vre\u0107icu za \u010da\u0161u<\/li> <li>karton\u010di\u0107 sa spiskom svih vinara i vina predstavljenih na festivalu<\/li> <li>degustacija gastro delicija<\/li> <\/ul>\n<h2>Subota 25.05.2024<br\/>Amber Wine Festival 2024<\/h2>\n<a href=\"https:\/\/forevents.org\/hr\/evento\/amber-wine-festival-25-05-2024\/\" > Kupi ulaznice <\/a>\n<img src=\"https:\/\/forevents.org\/wp-content\/uploads\/2024\/03\/logo_2024.png\" title=\"logo_2024\" alt=\"logo_2024\" srcset=\"https:\/\/forevents.org\/wp-content\/uploads\/2024\/03\/logo_2024.png 500w, https:\/\/forevents.org\/wp-content\/uploads\/2024\/03\/logo_2024-300x169.png 300w\" sizes=\"(max-width: 500px) 100vw, 500px\" \/>\n<p>Vi\u0161e od 40 proizvo\u0111a\u010da iz 4 zemlje te samo jedno vino: <strong>Amber<\/strong>.<br>Na podru\u010dju koje kre\u0107e od Krasa do Brda i od Istre do Austrije nalaze se najbolji svjetski proizvo\u0111a\u010di ovog stila vina. Trst se nalazi u centru ove odli\u010dnosti.<\/p> <p>Uz pa\u017eljivo odabrana vina, mo\u0107i \u0107ete probati skbno birane kulinari\u010dne specijalitete reinterpretirane za ovu priliku od strane priznatih kuhara.<br>Ovo i jo\u0161 mnogo toga vas o\u010dekuje 25. svibnja u prekrasnom okru\u017eenju dvorca San Giusto s o\u010daravaju\u0107im pogledom na Tr\u0161\u0107anski zaljev.<\/p> <p>Prekrasan scenarij za eno-gastronomsko iskustvo koje ne smijete propustiti.<\/p> <p>\u010cekamo vas u Trstu.<\/p>\n<a href=\"https:\/\/forevents.org\/hr\/evento\/amber-wine-festival-25-05-2024\/\" > Kupi ulaznice <\/a>\n<a href=\"https:\/\/amberwinefestival.com\/hr\/\" target=\"_blank\" rel=\"noopener\"> Otkrij vi\u0161e <\/a>\n<h1 style=\"text-align: left;\">GIN GIN<\/h1> <p style=\"text-align: left;\">Novost<\/p> <p style=\"text-align: left;\"><strong>GIN GIN<\/strong> je svjetska premijera prezentacije prirodnih d\u017einova proizvedenih sa strane malih obrtnika. Odabrana selekcija za upoznavanje \u0161iroke palete kombinacija koje su Gin u\u010dinile vladarem najcjenjenijih pi\u0107a na svijetu. Jedinstvena prilika za dijeljenje uzbudljivog iskustva ku\u0161anja razli\u010ditih mje\u0161avina pi\u0107a, proizvedenih sa strane ni\u0161nih proizvo\u0111a\u010da.<\/p> <p style=\"text-align: left;\"> <\/p>\n<h1 style=\"text-align: left;\">BOLLE NATURALI 2024<\/h1> <p style=\"text-align: left;\">Planiran datum 24\/08\/2024<\/p> <p style=\"text-align: left;\"><strong>Bolle Naturali<\/strong> je degustacija posve\u0107ena prirodnim pjenu\u0161cima koji se isti\u010du po raznolikosti sorti gro\u017e\u0111a i teritorija s povijesnim zna\u010dajem u proizvodnji pjenu\u0161aca. Jedinstvena prilika za u\u017eivanje u prirodnim mjehuri\u0107ima koji svojom slo\u017eeno\u0161\u0107u otvaraju nove horizonte okusa. Proizvedeni u stilu prirodnih vina, \u010desto nefiltriranih ili s dugim maceracijama, koji potje\u010du iz razli\u010ditih teritorija, kako ni\u0161nih tako i regije Champagne. Izvrsna pjenu\u0161ava vina s bogatstvom nijansi za jedinstveno osvje\u017eavaju\u0107e iskustvo.<\/p> <p style=\"text-align: left;\"> <\/p>\n<h3>ForevenTS<\/h3> <p>Dobrodo\u0161li na ForevenTS, gdje organiziramo seriju kulturnih i eno-gastronomskih doga\u0111anja, jedinstvenih i ekskluzivnih u prekrasnom Trstu.<\/p> <p>Amber Wine Festival predstavlja izvrsnost maceriranih bijelih vina koja imaju korijene u zale\u0111u Trsta. U sredi\u0161tu teritorija koji se prote\u017ee od Krasa do Brda i od Istre preko Slovenije, nalaze se najbolji svjetski proizvo\u0111a\u010di jantarnih vina. To su prirodna bijela vina proizvedena sa metodom dugotrajne maceracije. Punog tijela, izra\u017eajna vina s velikom strukturom.<\/p> <p>S veseljem predstavljamo na\u0161e nadolaze\u0107e evente:<\/p> <p><a href=\"https:\/\/forevents.org\/#bollenaturali\"><strong>Bolle Naturali<\/strong><\/a> i <a href=\"https:\/\/forevents.org\/#gingin\"><strong>GIN GIN<\/strong><\/a><\/p> <p>Trst, Dvorac San Giusto.<\/p> <p><em>Izme\u0111u zidova ekskluzivnosti.<\/em><\/p>\n<h4>Kontakt<\/h4> <p>tel: <a href=\"tel:+393493037764\">+393493037764<\/a> <br>tel: <a href=\"tel:+393713150053\">+393713150053<\/a><\/p>\n<form id=\"tb_d2b474c-form\" method=\"post\" data-post-id=\"0\" data-element-id=\"d2b474c\" data-orig-id=\"1675\" > <label for=\"tb_d2b474c-contact-name\"> Ime * <\/label> <input type=\"text\" name=\"contact-name\" placeholder=\" \" id=\"tb_d2b474c-contact-name\" value=\"\" required> Ime * <label for=\"tb_d2b474c-contact-email\"> E-mail * <\/label> <input type=\"email\" name=\"contact-email\" placeholder=\" \" id=\"tb_d2b474c-contact-email\" value=\"\" required> E-mail * <label for=\"tb_d2b474c-contact-subject\"> Predmet * <\/label> <input type=\"text\" name=\"contact-subject\" placeholder=\" \" id=\"tb_d2b474c-contact-subject\" value=\"\" required> Predmet * <label for=\"tb_d2b474c-contact-message\"> Poruka <\/label> <textarea name=\"contact-message\" placeholder=\" \" id=\"tb_d2b474c-contact-message\"><\/textarea> Poruka <button type=\"submit\"> Po\u0161alji <\/button> <\/form>\n<h3><\/h3><iframe frameborder=\"0\" scrolling=\"no\" marginheight=\"0\" marginwidth=\"0\" src=\"https:\/\/maps.google.com\/maps?q=P.za+della+Cattedrale%2C+3%2C+Trieste+34131&amp;t=m&amp;z=12&amp;output=embed&amp;iwloc=near\"><\/iframe>","ticketed":false,"_links":{"self":[{"href":"https:\/\/forevents.org\/hr\/wp-json\/wp\/v2\/pages\/1675","targetHints":{"allow":["GET"]}}],"collection":[{"href":"https:\/\/forevents.org\/hr\/wp-json\/wp\/v2\/pages"}],"about":[{"href":"https:\/\/forevents.org\/hr\/wp-json\/wp\/v2\/types\/page"}],"author":[{"embeddable":true,"href":"https:\/\/forevents.org\/hr\/wp-json\/wp\/v2\/users\/1"}],"replies":[{"embeddable":true,"href":"https:\/\/forevents.org\/hr\/wp-json\/wp\/v2\/comments?post=1675"}],"version-history":[{"count":11,"href":"https:\/\/forevents.org\/hr\/wp-json\/wp\/v2\/pages\/1675\/revisions"}],"predecessor-version":[{"id":1726,"href":"https:\/\/forevents.org\/hr\/wp-json\/wp\/v2\/pages\/1675\/revisions\/1726"}],"wp:attachment":[{"href":"https:\/\/forevents.org\/hr\/wp-json\/wp\/v2\/media?parent=1675"}],"curies":[{"name":"wp","href":"https:\/\/api.w.org\/{rel}","templated":true}]}}